

{"id":98,"date":"2016-11-10T15:17:22","date_gmt":"2016-11-10T14:17:22","guid":{"rendered":"https:\/\/project.inria.fr\/faust\/?page_id=98"},"modified":"2021-04-14T08:55:57","modified_gmt":"2021-04-14T06:55:57","slug":"demomeg","status":"publish","type":"page","link":"https:\/\/faust.inria.fr\/fr\/demo\/demomeg\/","title":{"rendered":"Localisation de source"},"content":{"rendered":"<p><\/p>\n<h2>Localisation de source dans le contexte d&rsquo;imagerie c\u00e9r\u00e9brale :<\/h2>\n<p>La toolbox FA\u00b5ST a \u00e9t\u00e9 utilis\u00e9e dans le cadre d&rsquo;une exp\u00e9rience de localisation de source pour une application d&rsquo;imagerie c\u00e9r\u00e9brale.<br \/>\nPour cela, plusieurs matrices d&rsquo;approximations de gain appel\u00e9es Magn\u00e9toenc\u00e9phalographie (MEG) \u00ab\u00a0Mi\u00a0\u00bb ont \u00e9t\u00e9 calcul\u00e9es \u00e0 partir de l&rsquo;algorithme de factorization hi\u00e9rarchique (bas\u00e9 lui-m\u00eame sur l&rsquo;algorithme PALM4MSA).<br \/>\nUn algorithme de codage parcimonieux a ensuite \u00e9t\u00e9 utilis\u00e9 pour r\u00e9soudre le probl\u00e8me de localisation de source gr\u00e2ce \u00e0 la matrice de gain MEG ou son approximation FA\u00b5ST.<br \/>\nLes deux figures suivantes illustrent les r\u00e9sultats de compromis entre le gain de rapidit\u00e9 de l\u2019algorithme et l&rsquo;erreur de localisation selon l&rsquo;utilisation ou non d&rsquo;une matrice FA\u00b5ST.<\/p>\n<table style=\"height: 808px;\" width=\"704\">\n<tbody>\n<tr>\n<td style=\"vertical-align: middle;\" rowspan=\"2\"><strong>Reproduisez ces figures!<\/strong><\/p>\n<p><strong>Avec matfaust:<\/strong><br \/>\n&gt;&gt; import matfaust.demo.bsl.*<br \/>\n&gt;&gt; BSL()<br \/>\n&gt;&gt; Fig_BSL()<br \/>\n<a href=\"https:\/\/faustgrp.gitlabpages.inria.fr\/faust\/last-doc\/html\/namespacematfaust_1_1demo.html\">Voir aussi la doc API<\/a><\/p>\n<p><strong>Avec pyfaust:<\/strong><br \/>\n&gt;&gt;&gt; from pyfaust.demo import bsl<br \/>\n&gt;&gt;&gt; bsl.run()<br \/>\n&gt;&gt;&gt; bsl.fig_convergence()<br \/>\n&gt;&gt;&gt; bsl.fig_time_cmp()<br \/>\n<a href=\"https:\/\/faustgrp.gitlabpages.inria.fr\/faust\/last-doc\/html\/classpyfaust_1_1demo_1_1bsl.html\">Voir aussi la doc API<\/a><\/td>\n<td><img loading=\"lazy\" decoding=\"async\" class=\"alignleft\" src=\"https:\/\/faust.inria.fr\/files\/2016\/11\/MEG_distance.jpg\" alt=\"meg_distance\" width=\"511\" height=\"384\" \/><\/td>\n<\/tr>\n<tr>\n<td><img loading=\"lazy\" decoding=\"async\" class=\"alignleft\" src=\"https:\/\/faust.inria.fr\/files\/2016\/11\/BSL.png\" alt=\"bsl\" width=\"488\" height=\"366\" \/><\/td>\n<\/tr>\n<\/tbody>\n<\/table>\n<p><\/p>","protected":false},"excerpt":{"rendered":"<p>Localisation de source dans le contexte d&rsquo;imagerie c\u00e9r\u00e9brale : La toolbox FA\u00b5ST a \u00e9t\u00e9 utilis\u00e9e dans le cadre d&rsquo;une exp\u00e9rience de localisation de source pour une application d&rsquo;imagerie c\u00e9r\u00e9brale. Pour cela, plusieurs matrices d&rsquo;approximations de gain appel\u00e9es Magn\u00e9toenc\u00e9phalographie (MEG) \u00ab\u00a0Mi\u00a0\u00bb ont \u00e9t\u00e9 calcul\u00e9es \u00e0 partir de l&rsquo;algorithme de factorization hi\u00e9rarchique\u2026<\/p>\n<p> <a class=\"continue-reading-link\" href=\"https:\/\/faust.inria.fr\/fr\/demo\/demomeg\/\"><span>Continue reading<\/span><i class=\"crycon-right-dir\"><\/i><\/a> <\/p>\n","protected":false},"author":1098,"featured_media":0,"parent":210,"menu_order":0,"comment_status":"closed","ping_status":"closed","template":"","meta":{"footnotes":""},"class_list":["post-98","page","type-page","status-publish","hentry"],"_links":{"self":[{"href":"https:\/\/faust.inria.fr\/fr\/wp-json\/wp\/v2\/pages\/98","targetHints":{"allow":["GET"]}}],"collection":[{"href":"https:\/\/faust.inria.fr\/fr\/wp-json\/wp\/v2\/pages"}],"about":[{"href":"https:\/\/faust.inria.fr\/fr\/wp-json\/wp\/v2\/types\/page"}],"author":[{"embeddable":true,"href":"https:\/\/faust.inria.fr\/fr\/wp-json\/wp\/v2\/users\/1098"}],"replies":[{"embeddable":true,"href":"https:\/\/faust.inria.fr\/fr\/wp-json\/wp\/v2\/comments?post=98"}],"version-history":[{"count":40,"href":"https:\/\/faust.inria.fr\/fr\/wp-json\/wp\/v2\/pages\/98\/revisions"}],"predecessor-version":[{"id":591,"href":"https:\/\/faust.inria.fr\/fr\/wp-json\/wp\/v2\/pages\/98\/revisions\/591"}],"up":[{"embeddable":true,"href":"https:\/\/faust.inria.fr\/fr\/wp-json\/wp\/v2\/pages\/210"}],"wp:attachment":[{"href":"https:\/\/faust.inria.fr\/fr\/wp-json\/wp\/v2\/media?parent=98"}],"curies":[{"name":"wp","href":"https:\/\/api.w.org\/{rel}","templated":true}]}}