

{"id":81,"date":"2016-11-10T14:49:13","date_gmt":"2016-11-10T13:49:13","guid":{"rendered":"https:\/\/project.inria.fr\/faust\/?page_id=81"},"modified":"2024-04-25T08:30:50","modified_gmt":"2024-04-25T06:30:50","slug":"download","status":"publish","type":"page","link":"https:\/\/faust.inria.fr\/fr\/download\/","title":{"rendered":"Installation"},"content":{"rendered":"<p><\/p>\n<div title=\"Page 1\">La FA\u00b5ST tooblox a initialement \u00e9t\u00e9 distribu\u00e9e dans sa version Matlab pour la recherche reproductible (v1.x).<\/div>\n<div title=\"Page 1\">Une impl\u00e9mentation <a href=\"https:\/\/faust.inria.fr\/fr\/download\/faust-3-x\/\">C++ (v3.x) incluant des wrappers Matlab et Python<\/a> est disponible. Cette impl\u00e9mentation est toujours en d\u00e9veloppement.<\/div>\n<p><\/p>","protected":false},"excerpt":{"rendered":"<p>La FA\u00b5ST tooblox a initialement \u00e9t\u00e9 distribu\u00e9e dans sa version Matlab pour la recherche reproductible (v1.x). Une impl\u00e9mentation C++ (v3.x) incluant des wrappers Matlab et Python est disponible. Cette impl\u00e9mentation est toujours en d\u00e9veloppement.<\/p>\n<p> <a class=\"continue-reading-link\" href=\"https:\/\/faust.inria.fr\/fr\/download\/\"><span>Continue reading<\/span><i class=\"crycon-right-dir\"><\/i><\/a> <\/p>\n","protected":false},"author":1098,"featured_media":0,"parent":0,"menu_order":0,"comment_status":"closed","ping_status":"closed","template":"","meta":{"footnotes":""},"class_list":["post-81","page","type-page","status-publish","hentry"],"_links":{"self":[{"href":"https:\/\/faust.inria.fr\/fr\/wp-json\/wp\/v2\/pages\/81","targetHints":{"allow":["GET"]}}],"collection":[{"href":"https:\/\/faust.inria.fr\/fr\/wp-json\/wp\/v2\/pages"}],"about":[{"href":"https:\/\/faust.inria.fr\/fr\/wp-json\/wp\/v2\/types\/page"}],"author":[{"embeddable":true,"href":"https:\/\/faust.inria.fr\/fr\/wp-json\/wp\/v2\/users\/1098"}],"replies":[{"embeddable":true,"href":"https:\/\/faust.inria.fr\/fr\/wp-json\/wp\/v2\/comments?post=81"}],"version-history":[{"count":68,"href":"https:\/\/faust.inria.fr\/fr\/wp-json\/wp\/v2\/pages\/81\/revisions"}],"predecessor-version":[{"id":1178,"href":"https:\/\/faust.inria.fr\/fr\/wp-json\/wp\/v2\/pages\/81\/revisions\/1178"}],"wp:attachment":[{"href":"https:\/\/faust.inria.fr\/fr\/wp-json\/wp\/v2\/media?parent=81"}],"curies":[{"name":"wp","href":"https:\/\/api.w.org\/{rel}","templated":true}]}}