

{"id":421,"date":"2019-09-30T09:56:54","date_gmt":"2019-09-30T07:56:54","guid":{"rendered":"https:\/\/faust.inria.fr\/?page_id=421"},"modified":"2021-05-10T10:38:16","modified_gmt":"2021-05-10T08:38:16","slug":"pyfaust-jupyter-notebooks","status":"publish","type":"page","link":"https:\/\/faust.inria.fr\/fr\/tutorials\/pyfaust-jupyter-notebooks\/","title":{"rendered":"pyfaust Jupyter Notebooks"},"content":{"rendered":"<p>Plusieurs notebooks sont disponibles (en anglais) pour une introduction rapide \u00e0 pyfaust (le wrapper FA\u00b5ST pour Python). Merci de ne les utiliser qu&rsquo;avec la derni\u00e8re version de pyfaust.<\/p>\n<p>L&rsquo;archive zip des notebooks est t\u00e9l\u00e9chargeable <a href=\"https:\/\/faustgrp.gitlabpages.inria.fr\/faust\/last-doc\/html\/pyfaust_notebooks.zip\">ici<\/a>. Si vous d\u00e9sirez obtenir un bref aper\u00e7u, ci-dessous vous trouverez les versions pr\u00e9-rendues en HTML.<\/p>\n<ol>\n<li><a href=\"https:\/\/faust.inria.fr\/how-to-create-a-faust-with-pyfaust\/\" rel=\"noopener\">How to Create a Faust<\/a><\/li>\n<li><a href=\"https:\/\/faust.inria.fr\/how-to-manipulate-a-faust-with-pyfaust\/\">How to Manipulate a Faust<\/a><\/li>\n<li><a href=\"https:\/\/faust.inria.fr\/using-the-faust-factorization-wrappers-with-pyfaust\/\">Using the FA\u00b5ST Factorization Wrappers<\/a><\/li>\n<li><a href=\"https:\/\/faust.inria.fr\/using-the-fa%c2%b5st-api-in-algorithms\/\">Using the FA\u00b5ST API in Algorithms<\/a><\/li>\n<li><a href=\"https:\/\/faust.inria.fr\/using-the-fa%c2%b5st-projectors-api\/\">Using the FA\u00b5ST Projectors API<\/a><\/li>\n<li><a href=\"https:\/\/faust.inria.fr\/using-the-gpu-with-pyfaust\/\">Using the GPU<\/a><\/li>\n<\/ol>\n<p><\/p>","protected":false},"excerpt":{"rendered":"<p>Plusieurs notebooks sont disponibles (en anglais) pour une introduction rapide \u00e0 pyfaust (le wrapper FA\u00b5ST pour Python). Merci de ne les utiliser qu&rsquo;avec la derni\u00e8re version de pyfaust. L&rsquo;archive zip des notebooks est t\u00e9l\u00e9chargeable ici. Si vous d\u00e9sirez obtenir un bref aper\u00e7u, ci-dessous vous trouverez les versions pr\u00e9-rendues en HTML.\u2026<\/p>\n<p> <a class=\"continue-reading-link\" href=\"https:\/\/faust.inria.fr\/fr\/tutorials\/pyfaust-jupyter-notebooks\/\"><span>Continue reading<\/span><i class=\"crycon-right-dir\"><\/i><\/a> <\/p>\n","protected":false},"author":1592,"featured_media":0,"parent":552,"menu_order":0,"comment_status":"closed","ping_status":"closed","template":"","meta":{"footnotes":""},"class_list":["post-421","page","type-page","status-publish","hentry"],"_links":{"self":[{"href":"https:\/\/faust.inria.fr\/fr\/wp-json\/wp\/v2\/pages\/421","targetHints":{"allow":["GET"]}}],"collection":[{"href":"https:\/\/faust.inria.fr\/fr\/wp-json\/wp\/v2\/pages"}],"about":[{"href":"https:\/\/faust.inria.fr\/fr\/wp-json\/wp\/v2\/types\/page"}],"author":[{"embeddable":true,"href":"https:\/\/faust.inria.fr\/fr\/wp-json\/wp\/v2\/users\/1592"}],"replies":[{"embeddable":true,"href":"https:\/\/faust.inria.fr\/fr\/wp-json\/wp\/v2\/comments?post=421"}],"version-history":[{"count":18,"href":"https:\/\/faust.inria.fr\/fr\/wp-json\/wp\/v2\/pages\/421\/revisions"}],"predecessor-version":[{"id":634,"href":"https:\/\/faust.inria.fr\/fr\/wp-json\/wp\/v2\/pages\/421\/revisions\/634"}],"up":[{"embeddable":true,"href":"https:\/\/faust.inria.fr\/fr\/wp-json\/wp\/v2\/pages\/552"}],"wp:attachment":[{"href":"https:\/\/faust.inria.fr\/fr\/wp-json\/wp\/v2\/media?parent=421"}],"curies":[{"name":"wp","href":"https:\/\/api.w.org\/{rel}","templated":true}]}}