

{"id":343,"date":"2018-02-22T09:35:39","date_gmt":"2018-02-22T08:35:39","guid":{"rendered":"https:\/\/faust.inria.fr\/?page_id=343"},"modified":"2022-03-01T18:16:26","modified_gmt":"2022-03-01T17:16:26","slug":"about-faust","status":"publish","type":"page","link":"https:\/\/faust.inria.fr\/fr\/","title":{"rendered":"A propos de FAuST"},"content":{"rendered":"<p>La bo\u00eete \u00e0 outils FA\u00b5ST fournit des algorithmes et structures donn\u00e9es permettant de d\u00e9composer une matrice dense en un produit de matrices creuses afin de r\u00e9duire la complexit\u00e9 de calcul (aussi bien pour le stockage que pour la manipulation des donn\u00e9es).<\/p>\n<p>FA\u00b5ST permet :<\/p>\n<ul>\n<li>d&rsquo;acc\u00e9l\u00e9rer \/ r\u00e9duire l&#8217;empreinte m\u00e9moire des algorithmes it\u00e9ratifs traditionnellement utilis\u00e9s pour la r\u00e9solution de probl\u00e8mes lin\u00e9aires inverses<\/li>\n<li>d&rsquo;apprendre des dictionnaires intrins\u00e8quement associ\u00e9s \u00e0 une impl\u00e9mentation efficace pour les repr\u00e9sentations parcimonieuses<\/li>\n<li>de calculer des transform\u00e9es de Fourier rapides approch\u00e9es sur graphes<\/li>\n<\/ul>\n<p>Une introduction g\u00e9n\u00e9rale \u00e0 FA\u00b5ST est disponible dans l&rsquo;article suivant:<br \/>\n[1] <a href=\"https:\/\/hal.archives-ouvertes.fr\/hal-01167948\" target=\"_blank\" rel=\"noopener\">Le Magoarou L. and Gribonval R., \u00ab\u00a0Flexible multi-layer sparse approximations of matrices and applications\u00a0\u00bb<\/a>, Journal of Selected Topics in Signal Processing, 2016.<\/p>\n<p>La premi\u00e8re distribution de FA\u00b5ST s&rsquo;est faite sous la forme d&rsquo;une boite \u00e0 outils\u00a0 <a href=\"https:\/\/faust.inria.fr\/download\/faust-1-x\/\">impl\u00e9ment\u00e9e en Matlab<\/a>.<\/p>\n<p>Une\u00a0 <a href=\"https:\/\/faust.inria.fr\/download\/faust-c-version\/\">impl\u00e9mentation en C++<\/a>, toujours en d\u00e9veloppement, fournit une API Matlab et Python compatible avec l&rsquo;acc\u00e9l\u00e9ration GPU.<\/p>\n<p>Cette version est distribu\u00e9e sous licence BSD-3-clause.\u00a0 La version Python est disponible sur <a href=\"https:\/\/pypi.org\/project\/pyfaust\/\">PYPI<\/a>.<\/p>\n<p>Lisez d&rsquo;autres <a href=\"https:\/\/faust.inria.fr\/news\/\">infos<\/a> \u00e0 propos de FA\u00b5ST.<\/p>\n<p>&nbsp;<\/p>","protected":false},"excerpt":{"rendered":"<p>La bo\u00eete \u00e0 outils FA\u00b5ST fournit des algorithmes et structures donn\u00e9es permettant de d\u00e9composer une matrice dense en un produit de matrices creuses afin de r\u00e9duire la complexit\u00e9 de calcul (aussi bien pour le stockage que pour la manipulation des donn\u00e9es). FA\u00b5ST permet : d&rsquo;acc\u00e9l\u00e9rer \/ r\u00e9duire l&#8217;empreinte m\u00e9moire des\u2026<\/p>\n<p> <a class=\"continue-reading-link\" href=\"https:\/\/faust.inria.fr\/fr\/\"><span>Continue reading<\/span><i class=\"crycon-right-dir\"><\/i><\/a> <\/p>\n","protected":false},"author":1112,"featured_media":0,"parent":0,"menu_order":0,"comment_status":"closed","ping_status":"closed","template":"templates\/template-page-with-intro.php","meta":{"footnotes":""},"class_list":["post-343","page","type-page","status-publish","hentry"],"_links":{"self":[{"href":"https:\/\/faust.inria.fr\/fr\/wp-json\/wp\/v2\/pages\/343","targetHints":{"allow":["GET"]}}],"collection":[{"href":"https:\/\/faust.inria.fr\/fr\/wp-json\/wp\/v2\/pages"}],"about":[{"href":"https:\/\/faust.inria.fr\/fr\/wp-json\/wp\/v2\/types\/page"}],"author":[{"embeddable":true,"href":"https:\/\/faust.inria.fr\/fr\/wp-json\/wp\/v2\/users\/1112"}],"replies":[{"embeddable":true,"href":"https:\/\/faust.inria.fr\/fr\/wp-json\/wp\/v2\/comments?post=343"}],"version-history":[{"count":19,"href":"https:\/\/faust.inria.fr\/fr\/wp-json\/wp\/v2\/pages\/343\/revisions"}],"predecessor-version":[{"id":815,"href":"https:\/\/faust.inria.fr\/fr\/wp-json\/wp\/v2\/pages\/343\/revisions\/815"}],"wp:attachment":[{"href":"https:\/\/faust.inria.fr\/fr\/wp-json\/wp\/v2\/media?parent=343"}],"curies":[{"name":"wp","href":"https:\/\/api.w.org\/{rel}","templated":true}]}}